{"id":9,"date":"2021-08-24T17:46:29","date_gmt":"2021-08-24T15:46:29","guid":{"rendered":"http:\/\/laureni.cluster031.hosting.ovh.net\/?page_id=9"},"modified":"2025-04-28T13:34:01","modified_gmt":"2025-04-28T11:34:01","slug":"accueil","status":"publish","type":"page","link":"https:\/\/laurentpate-avocat.com\/","title":{"rendered":"Accueil"},"content":{"rendered":"\n<div style=\"height:31px\" aria-hidden=\"true\" class=\"wp-block-spacer\"><\/div>\n\n\n\n<p class=\"has-text-align-center has-normal-font-size\">Ma\u00eetre Laurent PATE est sp\u00e9cialis\u00e9 en Droit du Travail et Droit de la Protection Sociale.<\/p>\n\n\n\n<div style=\"height:31px\" aria-hidden=\"true\" class=\"wp-block-spacer\"><\/div>\n\n\n\n<h3>Avocat au Barreau de Metz, depuis 1989<\/h3>\n\n\n\n<p class=\"has-normal-font-size\"><span class=\"has-inline-color has-black-color\">L<\/span>e cabinet vous conseille et vous d\u00e9fend dans tous les domaines du Droit du travail&nbsp;et de la Protection Sociale : licenciement individuel ou collectif, rupture conventionnelle, droit disciplinaire, droit p\u00e9nal du travail, droit de la fonction publique, accident du travail, maladie professionnelle, discrimination, harc\u00e8lement.<\/p>\n\n\n\n<div style=\"height:31px\" aria-hidden=\"true\" class=\"wp-block-spacer\"><\/div>\n\n\n\n<h3>Une Comp\u00e9tence Reconnue<\/h3>\n\n\n\n<p>Le cabinet conseille et d\u00e9fend les repr\u00e9sentants du personnel (CSE, CSEC, Comit\u00e9s techniques \u2026) &nbsp;et les organisations syndicales. Le cabinet a d\u00e9velopp\u00e9 une comp\u00e9tence reconnue en mati\u00e8re d\u2019appui \u00e0 la n\u00e9gociation sociale et en mati\u00e8re de restructuration des entreprises.<\/p>\n\n\n\n<div class=\"wp-block-image\"><figure class=\"aligncenter size-full is-resized\"><img loading=\"lazy\" src=\"https:\/\/laurentpate-avocat.com\/wp-content\/uploads\/2021\/08\/cropped-ICO-copy.jpg\" alt=\"\" class=\"wp-image-51\" width=\"128\" height=\"128\" srcset=\"https:\/\/laurentpate-avocat.com\/wp-content\/uploads\/2021\/08\/cropped-ICO-copy.jpg 512w, https:\/\/laurentpate-avocat.com\/wp-content\/uploads\/2021\/08\/cropped-ICO-copy-300x300.jpg 300w, https:\/\/laurentpate-avocat.com\/wp-content\/uploads\/2021\/08\/cropped-ICO-copy-150x150.jpg 150w, https:\/\/laurentpate-avocat.com\/wp-content\/uploads\/2021\/08\/cropped-ICO-copy-75x75.jpg 75w, https:\/\/laurentpate-avocat.com\/wp-content\/uploads\/2021\/08\/cropped-ICO-copy-270x270.jpg 270w, https:\/\/laurentpate-avocat.com\/wp-content\/uploads\/2021\/08\/cropped-ICO-copy-192x192.jpg 192w, https:\/\/laurentpate-avocat.com\/wp-content\/uploads\/2021\/08\/cropped-ICO-copy-180x180.jpg 180w, https:\/\/laurentpate-avocat.com\/wp-content\/uploads\/2021\/08\/cropped-ICO-copy-32x32.jpg 32w\" sizes=\"(max-width: 128px) 100vw, 128px\" \/><\/figure><\/div>\n\n\n\n<div class=\"wp-block-image\"><figure class=\"aligncenter size-medium is-resized\"><img loading=\"lazy\" src=\"https:\/\/laurentpate-avocat.com\/wp-content\/uploads\/2025\/04\/T-Mobil-257x300.png\" alt=\"\" class=\"wp-image-358\" width=\"193\" height=\"225\" srcset=\"https:\/\/laurentpate-avocat.com\/wp-content\/uploads\/2025\/04\/T-Mobil-257x300.png 257w, https:\/\/laurentpate-avocat.com\/wp-content\/uploads\/2025\/04\/T-Mobil-878x1024.png 878w, https:\/\/laurentpate-avocat.com\/wp-content\/uploads\/2025\/04\/T-Mobil-768x896.png 768w, https:\/\/laurentpate-avocat.com\/wp-content\/uploads\/2025\/04\/T-Mobil-1316x1536.png 1316w, https:\/\/laurentpate-avocat.com\/wp-content\/uploads\/2025\/04\/T-Mobil-1755x2048.png 1755w, https:\/\/laurentpate-avocat.com\/wp-content\/uploads\/2025\/04\/T-Mobil-1140x1330.png 1140w\" sizes=\"(max-width: 193px) 100vw, 193px\" \/><figcaption>V-Card<\/figcaption><\/figure><\/div>\n\n\n\n<p><\/p>\n","protected":false},"excerpt":{"rendered":"<p>Ma\u00eetre Laurent PATE est sp\u00e9cialis\u00e9 en Droit du Travail et Droit de la Protection Sociale. Avocat au Barreau de Metz, depuis 1989 Le cabinet vous conseille et vous d\u00e9fend dans tous les domaines du Droit du travail&nbsp;et de la Protection Sociale : licenciement individuel ou collectif, rupture conventionnelle, droit disciplinaire, droit p\u00e9nal du travail, droit de la fonction publique, accident du travail, maladie professionnelle, discrimination, harc\u00e8lement. Une Comp\u00e9tence Reconnue Le cabinet conseille et d\u00e9fend les repr\u00e9sentants du personnel (CSE, CSEC, Comit\u00e9s techniques \u2026) &nbsp;et les organisations syndicales. Le cabinet a d\u00e9velopp\u00e9 une comp\u00e9tence reconnue en mati\u00e8re d\u2019appui \u00e0 la n\u00e9gociation sociale et en mati\u00e8re de restructuration des entreprises.<\/p>\n","protected":false},"author":1,"featured_media":0,"parent":0,"menu_order":0,"comment_status":"closed","ping_status":"closed","template":"","meta":[],"_links":{"self":[{"href":"https:\/\/laurentpate-avocat.com\/index.php\/wp-json\/wp\/v2\/pages\/9"}],"collection":[{"href":"https:\/\/laurentpate-avocat.com\/index.php\/wp-json\/wp\/v2\/pages"}],"about":[{"href":"https:\/\/laurentpate-avocat.com\/index.php\/wp-json\/wp\/v2\/types\/page"}],"author":[{"embeddable":true,"href":"https:\/\/laurentpate-avocat.com\/index.php\/wp-json\/wp\/v2\/users\/1"}],"replies":[{"embeddable":true,"href":"https:\/\/laurentpate-avocat.com\/index.php\/wp-json\/wp\/v2\/comments?post=9"}],"version-history":[{"count":22,"href":"https:\/\/laurentpate-avocat.com\/index.php\/wp-json\/wp\/v2\/pages\/9\/revisions"}],"predecessor-version":[{"id":360,"href":"https:\/\/laurentpate-avocat.com\/index.php\/wp-json\/wp\/v2\/pages\/9\/revisions\/360"}],"wp:attachment":[{"href":"https:\/\/laurentpate-avocat.com\/index.php\/wp-json\/wp\/v2\/media?parent=9"}],"curies":[{"name":"wp","href":"https:\/\/api.w.org\/{rel}","templated":true}]}}