{"id":84,"date":"2021-08-26T14:26:30","date_gmt":"2021-08-26T12:26:30","guid":{"rendered":"https:\/\/laurentpate-avocat.com\/?page_id=84"},"modified":"2021-09-13T16:02:33","modified_gmt":"2021-09-13T14:02:33","slug":"liens-utils","status":"publish","type":"page","link":"https:\/\/laurentpate-avocat.com\/index.php\/liens-utils\/","title":{"rendered":"Liens Utiles"},"content":{"rendered":"\n<p class=\"has-text-align-center\">Vous pouvez t\u00e9l\u00e9charger vos Formulaires et Attestations \u00e0 partir des liens ci-dessous<\/p>\n\n\n\n<div style=\"height:31px\" aria-hidden=\"true\" class=\"wp-block-spacer\"><\/div>\n\n\n\n<p class=\"has-text-align-center has-normal-font-size\"><a href=\"https:\/\/www.justice.fr\/\" target=\"_blank\" rel=\"noreferrer noopener\">https:\/\/www.justice.fr\/<\/a><\/p>\n\n\n\n<p class=\"has-text-align-center has-normal-font-size\"><a href=\"https:\/\/www.service-public.fr\/particuliers\/vosdroits\/N19807\" target=\"_blank\" rel=\"noreferrer noopener\">https:\/\/www.service-public.fr\/particuliers\/vosdroits\/N19807<\/a><\/p>\n\n\n\n<p class=\"has-text-align-center has-normal-font-size\"><a href=\"https:\/\/www.avocats-metz.com\/index.php\" target=\"_blank\" rel=\"noreferrer noopener\">https:\/\/www.avocats-metz.com\/index.php<\/a><\/p>\n\n\n\n<p class=\"has-text-align-center has-normal-font-size\"><a rel=\"noreferrer noopener\" href=\"http:\/\/www.avocats-nancy.com\/\" target=\"_blank\">http:\/\/www.avocats-nancy.com\/<\/a><\/p>\n\n\n\n<p class=\"has-text-align-center has-normal-font-size\"> <a href=\"https:\/\/www.legifrance.gouv.fr\/\" target=\"_blank\" rel=\"noreferrer noopener\">L\u00e9gifrance &#8211; Le service public de la diffusion du droit (legifrance.gouv.fr)<\/a><\/p>\n\n\n\n<div style=\"height:31px\" aria-hidden=\"true\" class=\"wp-block-spacer\"><\/div>\n\n\n\n<p class=\"has-text-align-center has-normal-font-size\">Ma\u00eetre Laurent PATE, Avocat au Barreau de Metz et de Nancy, <\/p>\n\n\n\n<p class=\"has-text-align-center has-normal-font-size\">est sp\u00e9cialis\u00e9 en Droit du Travail et Droit de la Protection Sociale.<\/p>\n\n\n\n<div class=\"wp-block-image\"><figure class=\"aligncenter size-full is-resized\"><img loading=\"lazy\" src=\"https:\/\/laurentpate-avocat.com\/wp-content\/uploads\/2021\/08\/cropped-ICO-copy.jpg\" alt=\"\" class=\"wp-image-51\" width=\"100\" height=\"100\" srcset=\"https:\/\/laurentpate-avocat.com\/wp-content\/uploads\/2021\/08\/cropped-ICO-copy.jpg 512w, https:\/\/laurentpate-avocat.com\/wp-content\/uploads\/2021\/08\/cropped-ICO-copy-300x300.jpg 300w, https:\/\/laurentpate-avocat.com\/wp-content\/uploads\/2021\/08\/cropped-ICO-copy-150x150.jpg 150w, https:\/\/laurentpate-avocat.com\/wp-content\/uploads\/2021\/08\/cropped-ICO-copy-75x75.jpg 75w, https:\/\/laurentpate-avocat.com\/wp-content\/uploads\/2021\/08\/cropped-ICO-copy-270x270.jpg 270w, https:\/\/laurentpate-avocat.com\/wp-content\/uploads\/2021\/08\/cropped-ICO-copy-192x192.jpg 192w, https:\/\/laurentpate-avocat.com\/wp-content\/uploads\/2021\/08\/cropped-ICO-copy-180x180.jpg 180w, https:\/\/laurentpate-avocat.com\/wp-content\/uploads\/2021\/08\/cropped-ICO-copy-32x32.jpg 32w\" sizes=\"(max-width: 100px) 100vw, 100px\" \/><\/figure><\/div>\n","protected":false},"excerpt":{"rendered":"<p>Vous pouvez t\u00e9l\u00e9charger vos Formulaires et Attestations \u00e0 partir des liens ci-dessous https:\/\/www.justice.fr\/ https:\/\/www.service-public.fr\/particuliers\/vosdroits\/N19807 https:\/\/www.avocats-metz.com\/index.php http:\/\/www.avocats-nancy.com\/ L\u00e9gifrance &#8211; Le service public de la diffusion du droit (legifrance.gouv.fr) Ma\u00eetre Laurent PATE, Avocat au Barreau de Metz et de Nancy, est sp\u00e9cialis\u00e9 en Droit du Travail et Droit de la Protection Sociale.<\/p>\n","protected":false},"author":1,"featured_media":0,"parent":0,"menu_order":0,"comment_status":"closed","ping_status":"closed","template":"","meta":[],"_links":{"self":[{"href":"https:\/\/laurentpate-avocat.com\/index.php\/wp-json\/wp\/v2\/pages\/84"}],"collection":[{"href":"https:\/\/laurentpate-avocat.com\/index.php\/wp-json\/wp\/v2\/pages"}],"about":[{"href":"https:\/\/laurentpate-avocat.com\/index.php\/wp-json\/wp\/v2\/types\/page"}],"author":[{"embeddable":true,"href":"https:\/\/laurentpate-avocat.com\/index.php\/wp-json\/wp\/v2\/users\/1"}],"replies":[{"embeddable":true,"href":"https:\/\/laurentpate-avocat.com\/index.php\/wp-json\/wp\/v2\/comments?post=84"}],"version-history":[{"count":15,"href":"https:\/\/laurentpate-avocat.com\/index.php\/wp-json\/wp\/v2\/pages\/84\/revisions"}],"predecessor-version":[{"id":300,"href":"https:\/\/laurentpate-avocat.com\/index.php\/wp-json\/wp\/v2\/pages\/84\/revisions\/300"}],"wp:attachment":[{"href":"https:\/\/laurentpate-avocat.com\/index.php\/wp-json\/wp\/v2\/media?parent=84"}],"curies":[{"name":"wp","href":"https:\/\/api.w.org\/{rel}","templated":true}]}}