{"id":242,"date":"2021-09-12T18:18:02","date_gmt":"2021-09-12T16:18:02","guid":{"rendered":"http:\/\/laurentpate-avocat.com\/?page_id=242"},"modified":"2021-09-13T14:49:31","modified_gmt":"2021-09-13T12:49:31","slug":"mentions-legales","status":"publish","type":"page","link":"https:\/\/laurentpate-avocat.com\/index.php\/mentions-legales\/","title":{"rendered":"Mentions L\u00e9gales"},"content":{"rendered":"\n<p class=\"has-text-align-center\"><strong class=\"privacy-policy-tutorial\"> <\/strong>L\u2019adresse de notre site est&nbsp;: https:\/\/laurentpate-avocat.com.<\/p>\n\n\n\n<p><strong>MENTIONS LEGALES&nbsp;:<\/strong><\/p>\n\n\n\n<p>Editeur du site&nbsp;: Me Laurent PATE, Avocat, 21, rue Belle-Isle 57&nbsp;000 METZ t\u00e9l. 03 87 15 77 05. <\/p>\n\n\n\n<p>SCP Laurent PATE R.C.S. METZ : 821 670 049&nbsp;<\/p>\n\n\n\n<p>Le site accessible \u00e0 l\u2019adresse : <a href=\"https:\/\/laurentpate-avocat.com.\" data-type=\"URL\" data-id=\"https:\/\/laurentpate-avocat.com.\">laurentpate-avocat.com<\/a> est exploit\u00e9 dans le respect de la l\u00e9gislation fran\u00e7aise.<\/p>\n\n\n\n<p>Limitation de responsabilit\u00e9&nbsp;: Les informations contenues sur ce site sont p\u00e9riodiquement remises \u00e0 jour, mais peuvent toutefois contenir des inexactitudes, des omissions ou des lacunes.<\/p>\n\n\n\n<p>Les liens hypertextes mis en place dans le cadre du pr\u00e9sent site internet en direction d&rsquo;autres ressources pr\u00e9sentes sur le r\u00e9seau Internet ne sauraient engager la responsabilit\u00e9 de l\u2019\u00e9diteur ou du propri\u00e9taire du site.<\/p>\n\n\n\n<p>La SCP Laurent PATE s\u2019engage \u00e0 ce que la collecte et le traitement des donn\u00e9es, effectu\u00e9s \u00e0 partir du site laurentpate-avocat.com, soient conformes au r\u00e8glement g\u00e9n\u00e9ral sur la protection des donn\u00e9es (RGPD) et \u00e0 la loi Informatique et Libert\u00e9s.<\/p>\n\n\n\n<p>En application de la loi Informatique et Libert\u00e9s du 6 janvier 1978, vous disposez d\u2019un droit d\u2019acc\u00e8s, de rectification, de modification et de suppression des donn\u00e9es qui vous concernent.<\/p>\n\n\n\n<p>Vous pouvez exercer ce droit :<\/p>\n\n\n\n<ul><li>par courriel \u00e0 l&rsquo;aide du <a href=\"https:\/\/laurentpate-avocat.com\/index.php\/contact\/\">formulaire de contact<\/a><\/li><li>en envoyant un courrier \u00e0 : SCP Laurent PATE 21, rue Belle-Isle 57\u00a0000 METZ<\/li><\/ul>\n\n\n\n<p>Les informations personnelles collect\u00e9es ne sont en aucun cas confi\u00e9es \u00e0 des tiers hormis pour l\u2019\u00e9ventuelle bonne ex\u00e9cution de la prestation sollicit\u00e9e.<\/p>\n\n\n\n<p>Propri\u00e9t\u00e9 intellectuelle&nbsp;: Tout le contenu du pr\u00e9sent site, incluant, de fa\u00e7on non limitative, les graphismes, images, textes, vid\u00e9os, animations, sons, logos, gifs et ic\u00f4nes ainsi que leur mise en forme sont la propri\u00e9t\u00e9 exclusive de la SCP Laurent PATE, \u00e0 l&rsquo;exception des marques, logos ou contenus appartenant \u00e0 d&rsquo;autres soci\u00e9t\u00e9s partenaires ou auteurs.<\/p>\n\n\n\n<p>Toute reproduction, distribution, modification, adaptation, retransmission ou publication, m\u00eame partielle, de ces diff\u00e9rents \u00e9l\u00e9ments est strictement interdite sans l&rsquo;accord expr\u00e8s et \u00e9crit du propri\u00e9taire du site<\/p>\n\n\n\n<p>H\u00e9bergeur&nbsp;: OVH&nbsp; 2, rue Kellerman 59053 ROUBAIX cedex 01<\/p>\n\n\n\n<div class=\"wp-block-image\"><figure class=\"aligncenter size-full is-resized\"><img loading=\"lazy\" src=\"https:\/\/laurentpate-avocat.com\/wp-content\/uploads\/2021\/08\/cropped-ICO-copy.jpg\" alt=\"\" class=\"wp-image-51\" width=\"100\" height=\"100\" srcset=\"https:\/\/laurentpate-avocat.com\/wp-content\/uploads\/2021\/08\/cropped-ICO-copy.jpg 512w, https:\/\/laurentpate-avocat.com\/wp-content\/uploads\/2021\/08\/cropped-ICO-copy-300x300.jpg 300w, https:\/\/laurentpate-avocat.com\/wp-content\/uploads\/2021\/08\/cropped-ICO-copy-150x150.jpg 150w, https:\/\/laurentpate-avocat.com\/wp-content\/uploads\/2021\/08\/cropped-ICO-copy-75x75.jpg 75w, https:\/\/laurentpate-avocat.com\/wp-content\/uploads\/2021\/08\/cropped-ICO-copy-270x270.jpg 270w, https:\/\/laurentpate-avocat.com\/wp-content\/uploads\/2021\/08\/cropped-ICO-copy-192x192.jpg 192w, https:\/\/laurentpate-avocat.com\/wp-content\/uploads\/2021\/08\/cropped-ICO-copy-180x180.jpg 180w, https:\/\/laurentpate-avocat.com\/wp-content\/uploads\/2021\/08\/cropped-ICO-copy-32x32.jpg 32w\" sizes=\"(max-width: 100px) 100vw, 100px\" \/><\/figure><\/div>\n\n\n\n<p><\/p>\n","protected":false},"excerpt":{"rendered":"<p>L\u2019adresse de notre site est&nbsp;: https:\/\/laurentpate-avocat.com. MENTIONS LEGALES&nbsp;: Editeur du site&nbsp;: Me Laurent PATE, Avocat, 21, rue Belle-Isle 57&nbsp;000 METZ t\u00e9l. 03 87 15 77 05. SCP Laurent PATE R.C.S. METZ : 821 670 049&nbsp; Le site accessible \u00e0 l\u2019adresse : laurentpate-avocat.com est exploit\u00e9 dans le respect de la l\u00e9gislation fran\u00e7aise. Limitation de responsabilit\u00e9&nbsp;: Les informations contenues sur ce site sont p\u00e9riodiquement remises \u00e0 jour, mais peuvent toutefois contenir des inexactitudes, des omissions ou des lacunes. Les liens hypertextes mis en place dans le cadre du pr\u00e9sent site internet en direction d&rsquo;autres ressources pr\u00e9sentes sur le r\u00e9seau Internet ne sauraient engager la responsabilit\u00e9 de l\u2019\u00e9diteur ou du propri\u00e9taire du site. La SCP Laurent PATE s\u2019engage \u00e0 ce que la collecte et le traitement des donn\u00e9es, effectu\u00e9s \u00e0 partir du site laurentpate-avocat.com, soient conformes au r\u00e8glement g\u00e9n\u00e9ral sur la protection des donn\u00e9es (RGPD) et \u00e0 la loi Informatique et Libert\u00e9s. En application de la loi Informatique et Libert\u00e9s du 6 janvier 1978, vous disposez d\u2019un droit d\u2019acc\u00e8s, de rectification, de modification et de suppression des donn\u00e9es qui vous concernent. Vous pouvez exercer ce droit : par courriel \u00e0 l&rsquo;aide du formulaire de contact en envoyant un courrier \u00e0 : SCP Laurent PATE 21, rue Belle-Isle 57\u00a0000 METZ Les informations personnelles collect\u00e9es ne sont en aucun cas confi\u00e9es \u00e0 des tiers hormis pour l\u2019\u00e9ventuelle bonne ex\u00e9cution de la prestation sollicit\u00e9e. Propri\u00e9t\u00e9 intellectuelle&nbsp;: Tout le contenu du pr\u00e9sent site, incluant, de fa\u00e7on non limitative, les graphismes, images, textes, vid\u00e9os, animations, sons, logos, gifs et ic\u00f4nes ainsi que leur mise en forme sont la propri\u00e9t\u00e9 exclusive de la SCP Laurent PATE, \u00e0 l&rsquo;exception des marques, logos ou contenus appartenant \u00e0 d&rsquo;autres soci\u00e9t\u00e9s partenaires ou auteurs. Toute reproduction, distribution, modification, adaptation, retransmission ou publication, m\u00eame partielle, de ces diff\u00e9rents \u00e9l\u00e9ments est strictement interdite sans l&rsquo;accord expr\u00e8s et \u00e9crit du propri\u00e9taire du site H\u00e9bergeur&nbsp;: OVH&nbsp; 2, rue Kellerman 59053 ROUBAIX cedex 01<\/p>\n","protected":false},"author":1,"featured_media":0,"parent":0,"menu_order":0,"comment_status":"closed","ping_status":"closed","template":"","meta":[],"_links":{"self":[{"href":"https:\/\/laurentpate-avocat.com\/index.php\/wp-json\/wp\/v2\/pages\/242"}],"collection":[{"href":"https:\/\/laurentpate-avocat.com\/index.php\/wp-json\/wp\/v2\/pages"}],"about":[{"href":"https:\/\/laurentpate-avocat.com\/index.php\/wp-json\/wp\/v2\/types\/page"}],"author":[{"embeddable":true,"href":"https:\/\/laurentpate-avocat.com\/index.php\/wp-json\/wp\/v2\/users\/1"}],"replies":[{"embeddable":true,"href":"https:\/\/laurentpate-avocat.com\/index.php\/wp-json\/wp\/v2\/comments?post=242"}],"version-history":[{"count":4,"href":"https:\/\/laurentpate-avocat.com\/index.php\/wp-json\/wp\/v2\/pages\/242\/revisions"}],"predecessor-version":[{"id":270,"href":"https:\/\/laurentpate-avocat.com\/index.php\/wp-json\/wp\/v2\/pages\/242\/revisions\/270"}],"wp:attachment":[{"href":"https:\/\/laurentpate-avocat.com\/index.php\/wp-json\/wp\/v2\/media?parent=242"}],"curies":[{"name":"wp","href":"https:\/\/api.w.org\/{rel}","templated":true}]}}