{"id":12,"date":"2021-08-24T17:50:38","date_gmt":"2021-08-24T15:50:38","guid":{"rendered":"http:\/\/laureni.cluster031.hosting.ovh.net\/?page_id=12"},"modified":"2026-01-03T17:34:45","modified_gmt":"2026-01-03T16:34:45","slug":"contact","status":"publish","type":"page","link":"https:\/\/laurentpate-avocat.com\/index.php\/contact\/","title":{"rendered":"Contact"},"content":{"rendered":"\n<div class=\"wp-block-image\"><figure class=\"alignleft is-resized\"><a href=\"https:\/\/fr.linkedin.com\/\" target=\"_blank\" rel=\"noopener\"><img loading=\"lazy\" src=\"https:\/\/laurentpate-avocat.com\/wp-content\/uploads\/2021\/09\/linkedIn_PNG24-150x150.png\" alt=\"\" class=\"wp-image-315\" width=\"54\" height=\"54\" srcset=\"https:\/\/laurentpate-avocat.com\/wp-content\/uploads\/2021\/09\/linkedIn_PNG24-150x150.png 150w, https:\/\/laurentpate-avocat.com\/wp-content\/uploads\/2021\/09\/linkedIn_PNG24-300x300.png 300w, https:\/\/laurentpate-avocat.com\/wp-content\/uploads\/2021\/09\/linkedIn_PNG24-1024x1024.png 1024w, https:\/\/laurentpate-avocat.com\/wp-content\/uploads\/2021\/09\/linkedIn_PNG24-768x768.png 768w, https:\/\/laurentpate-avocat.com\/wp-content\/uploads\/2021\/09\/linkedIn_PNG24-1140x1140.png 1140w, https:\/\/laurentpate-avocat.com\/wp-content\/uploads\/2021\/09\/linkedIn_PNG24-75x75.png 75w, https:\/\/laurentpate-avocat.com\/wp-content\/uploads\/2021\/09\/linkedIn_PNG24.png 1250w\" sizes=\"(max-width: 54px) 100vw, 54px\" \/><\/a><figcaption><a href=\"https:\/\/fr.linkedin.com\/\" data-type=\"URL\" data-id=\"https:\/\/fr.linkedin.com\/\" target=\"_blank\" rel=\"noreferrer noopener\">Connection<\/a> <\/figcaption><\/figure><\/div>\n\n\n\n<div style=\"height:19px\" aria-hidden=\"true\" class=\"wp-block-spacer\"><\/div>\n\n\n\n<h2>Cabinet Principal<\/h2>\n\n\n\n<p> 21 rue Belle Isle 57000 METZ \u2013 <\/p>\n\n\n\n<p>t\u00e9l:  <strong>03 87 15 77 05<\/strong>  Accueil du Lundi au Vendredi.<\/p>\n\n\n\n<figure class=\"wp-block-table is-style-stripes\"><table><tbody><tr><td>lundi<\/td><td>09:00\u201312:00, 14:00\u201317:00<\/td><\/tr><tr><td>mardi<\/td><td>09:00\u201312:00, 14:00\u201317:00<\/td><\/tr><tr><td>mercredi<\/td><td>09:00\u201312:00, 14:00\u201317:00<\/td><\/tr><tr><td>jeudi<\/td><td>09:00\u201312:00, 14:00\u201317:00<\/td><\/tr><tr><td>vendredi<\/td><td>09:00\u201312:00, 14:00\u201317:00<\/td><\/tr><tr><td>Nous Contacter par Mail<\/td><td>[cabinet [at] laurentpate-avocats.fr]<\/td><\/tr><tr><td><\/td><td>Consultation uniquement sur rendez-vous<\/td><\/tr><\/tbody><\/table><figcaption>  <\/figcaption><\/figure>\n\n\n\n<iframe src=\"https:\/\/www.google.com\/maps\/embed?pb=!1m18!1m12!1m3!1d2611.122105788914!2d6.16824141592439!3d49.12231609004057!2m3!1f0!2f0!3f0!3m2!1i1024!2i768!4f13.1!3m3!1m2!1s0x4794deabd402d6a1%3A0x56292ce5d4021b0a!2s21%20Rue%20Belle-Isle%2C%2057000%20Metz!5e0!3m2!1sfr!2sfr!4v1629975572399!5m2!1sfr!2sfr\" style=\"border:0;\" allowfullscreen=\"\" loading=\"lazy\" width=\"1200\" height=\"400\"><\/iframe>\n\n\n\n<div style=\"height:31px\" aria-hidden=\"true\" class=\"wp-block-spacer\"><\/div>\n\n\n\n<h2>Cabinet Secondaire<\/h2>\n\n\n\n<p> 6 rue de Mon D\u00e9sert 54000 NANCY <\/p>\n\n\n\n<p>t\u00e9l:  03 83 39 45 30  Accueil du Lundi au Vendredi <\/p>\n\n\n\n<p>Consultation uniquement sur Rendez-vous  T\u00e9l: <strong>03 87 15 77 05<\/strong><\/p>\n\n\n\n<iframe src=\"https:\/\/www.google.com\/maps\/embed?pb=!1m18!1m12!1m3!1d2634.0817407274862!2d6.177133215913421!3d48.68480182086704!2m3!1f0!2f0!3f0!3m2!1i1024!2i768!4f13.1!3m3!1m2!1s0x4794986ffae4dae5%3A0x3036e1d1047112b7!2s6%20Rue%20de%20Mon%20D%C3%A9sert%2C%2054000%20Nancy!5e0!3m2!1sfr!2sfr!4v1629974814090!5m2!1sfr!2sfr\" style=\"border:0;\" allowfullscreen=\"\" loading=\"lazy\" width=\"1200\" height=\"400\"><\/iframe>\n\n\n\n<div style=\"height:31px\" aria-hidden=\"true\" class=\"wp-block-spacer\"><\/div>\n\n\n\n<div class=\"wp-block-image\"><figure class=\"aligncenter size-full is-resized\"><img loading=\"lazy\" src=\"https:\/\/laurentpate-avocat.com\/wp-content\/uploads\/2021\/08\/cropped-ICO-copy.jpg\" alt=\"\" class=\"wp-image-51\" width=\"100\" height=\"100\" srcset=\"https:\/\/laurentpate-avocat.com\/wp-content\/uploads\/2021\/08\/cropped-ICO-copy.jpg 512w, https:\/\/laurentpate-avocat.com\/wp-content\/uploads\/2021\/08\/cropped-ICO-copy-300x300.jpg 300w, https:\/\/laurentpate-avocat.com\/wp-content\/uploads\/2021\/08\/cropped-ICO-copy-150x150.jpg 150w, https:\/\/laurentpate-avocat.com\/wp-content\/uploads\/2021\/08\/cropped-ICO-copy-75x75.jpg 75w, https:\/\/laurentpate-avocat.com\/wp-content\/uploads\/2021\/08\/cropped-ICO-copy-270x270.jpg 270w, https:\/\/laurentpate-avocat.com\/wp-content\/uploads\/2021\/08\/cropped-ICO-copy-192x192.jpg 192w, https:\/\/laurentpate-avocat.com\/wp-content\/uploads\/2021\/08\/cropped-ICO-copy-180x180.jpg 180w, https:\/\/laurentpate-avocat.com\/wp-content\/uploads\/2021\/08\/cropped-ICO-copy-32x32.jpg 32w\" sizes=\"(max-width: 100px) 100vw, 100px\" \/><\/figure><\/div>\n\n\n\n<div class=\"wp-block-image\"><figure class=\"aligncenter size-medium is-resized\"><img loading=\"lazy\" src=\"https:\/\/laurentpate-avocat.com\/wp-content\/uploads\/2025\/04\/T-Mobil-257x300.png\" alt=\"\" class=\"wp-image-358\" width=\"129\" height=\"150\" srcset=\"https:\/\/laurentpate-avocat.com\/wp-content\/uploads\/2025\/04\/T-Mobil-257x300.png 257w, https:\/\/laurentpate-avocat.com\/wp-content\/uploads\/2025\/04\/T-Mobil-878x1024.png 878w, https:\/\/laurentpate-avocat.com\/wp-content\/uploads\/2025\/04\/T-Mobil-768x896.png 768w, https:\/\/laurentpate-avocat.com\/wp-content\/uploads\/2025\/04\/T-Mobil-1316x1536.png 1316w, https:\/\/laurentpate-avocat.com\/wp-content\/uploads\/2025\/04\/T-Mobil-1755x2048.png 1755w, https:\/\/laurentpate-avocat.com\/wp-content\/uploads\/2025\/04\/T-Mobil-1140x1330.png 1140w\" sizes=\"(max-width: 129px) 100vw, 129px\" \/><\/figure><\/div>\n\n\n\n<p><\/p>\n","protected":false},"excerpt":{"rendered":"<p>Cabinet Principal 21 rue Belle Isle 57000 METZ \u2013 t\u00e9l: 03 87 15 77 05 Accueil du Lundi au Vendredi. lundi 09:00\u201312:00, 14:00\u201317:00 mardi 09:00\u201312:00, 14:00\u201317:00 mercredi 09:00\u201312:00, 14:00\u201317:00 jeudi 09:00\u201312:00, 14:00\u201317:00 vendredi 09:00\u201312:00, 14:00\u201317:00 Nous Contacter par Mail [cabinet [at] laurentpate-avocats.fr] Consultation uniquement sur rendez-vous Cabinet Secondaire 6 rue de Mon D\u00e9sert 54000 NANCY t\u00e9l: 03 83 39 45 30 Accueil du Lundi au Vendredi Consultation uniquement sur Rendez-vous T\u00e9l: 03 87 15 77 05<\/p>\n","protected":false},"author":1,"featured_media":0,"parent":0,"menu_order":0,"comment_status":"closed","ping_status":"closed","template":"","meta":[],"_links":{"self":[{"href":"https:\/\/laurentpate-avocat.com\/index.php\/wp-json\/wp\/v2\/pages\/12"}],"collection":[{"href":"https:\/\/laurentpate-avocat.com\/index.php\/wp-json\/wp\/v2\/pages"}],"about":[{"href":"https:\/\/laurentpate-avocat.com\/index.php\/wp-json\/wp\/v2\/types\/page"}],"author":[{"embeddable":true,"href":"https:\/\/laurentpate-avocat.com\/index.php\/wp-json\/wp\/v2\/users\/1"}],"replies":[{"embeddable":true,"href":"https:\/\/laurentpate-avocat.com\/index.php\/wp-json\/wp\/v2\/comments?post=12"}],"version-history":[{"count":50,"href":"https:\/\/laurentpate-avocat.com\/index.php\/wp-json\/wp\/v2\/pages\/12\/revisions"}],"predecessor-version":[{"id":377,"href":"https:\/\/laurentpate-avocat.com\/index.php\/wp-json\/wp\/v2\/pages\/12\/revisions\/377"}],"wp:attachment":[{"href":"https:\/\/laurentpate-avocat.com\/index.php\/wp-json\/wp\/v2\/media?parent=12"}],"curies":[{"name":"wp","href":"https:\/\/api.w.org\/{rel}","templated":true}]}}